{"id":98,"date":"2013-02-01T16:01:44","date_gmt":"2013-02-01T14:01:44","guid":{"rendered":"http:\/\/www.tierpraxis-stadler.de\/?page_id=98"},"modified":"2019-01-25T19:59:42","modified_gmt":"2019-01-25T18:59:42","slug":"notrufnummern","status":"publish","type":"page","link":"http:\/\/www.tierpraxis-stadler.de\/?page_id=98","title":{"rendered":"Notrufnummern"},"content":{"rendered":"<h1> Als Service f\u00fcr Sie finden Sie nachfolgend einige wichtige Notrufnummern f\u00fcr M\u00fcnchen und Umgebung,<br \/>die alle 24 Std einsatzbereit sind:<\/h1>\n<hr \/>\n<h1 class=\"teaser\">Bei Vergiftungen<\/h1>\n<p>\u2028\u2028Vergiftungszentrale Bonn<br \/>\u2028Tel.: 0228 \/ 19240<br \/><a href=\"http:\/\/www.gizbonn.de\" target=\"_blank\">\u2028www.gizbonn.de<\/a>\u2028\u2028<\/p>\n<p>Giftnotruf und Mobiles Gegengift-Depo M\u00fcnchen<br \/>\u2028089 \u2013 19240\u2028<br \/><a href=\"http:\/\/www.toxinfo.org\" target=\"_blank\">www.toxinfo.org<\/a>\/<\/p>\n<hr \/>\n<h1 class=\"teaser\">Tierrettung<\/h1>\n<p>Tierrettung M\u00fcnchen e.V.<br \/>\u202801805 \/ 84 37 73<br \/>\u2028<a href=\"http:\/\/www.tierrettungmuenchen.de\" target=\"_blank\" >www.tierrettungmuenchen.de<\/a>\/<\/p>\n<hr \/>\n<h1 class=\"teaser\">Kleintierkliniken<\/h1>\n<p>LMU\u2028 Medizinische Kleintierklink<br \/>\u2028Veterin\u00e4rstrasse 13\u2028, 80539 M\u00fcnchen\u2028<br \/>Tel.: 0176 \/ 18 83 88 11<br \/><a href=\"http:\/\/www.med.vetmed.uni-muenchen.de\/index.html\" target=\"_blank\">\u2028www.med.vetmed.uni-muenchen.de<\/a>\u2028\u2028<\/p>\n<p>Tierklinik Oberhaching<br \/>\u2028Bajuwarenring 10\u2028, 82041 Oberhaching<br \/>\u2028Tel: 089 \/ 63893020<br \/><a href=\"http:\/\/www.tierklinik-oberhaching.de\/\" target=\"_blank\">\u2028www.tierklinik-oberhaching.de<\/a><\/p>\n<hr \/>\n<p><\/a><\/p>\n<p>Tierklinik Weilheim<br \/>\u2028Am Weidenbach 5b0\u2028, 82362 Weilheim<br \/>\u2028Tel: 0881 \/ 78 19<br \/><a href=\"http:\/\/www.tierklinik-weilheim.de\/\" target=\"_blank\">\u2028www.tierklinik-weilheim.de<\/a><\/p>\n<hr \/>\n<h1 class=\"teaser\">Pferdekliniken<\/h1>\n<p>LMU \u2028Klinik f\u00fcr Pferde\u2028<br \/>Veterin\u00e4rstrasse 13, \u202880539 M\u00fcnchen<br \/>\u2028Tel.: 089 \/ 2180 \u2013 3747\u2028<br \/><a href=\"http:\/\/www.pferd.vetmed.uni-muenchen.de\" target=\"_blank\">www.pferd.vetmed.uni-muenchen.de<\/a><\/p>\n<p>Pferdeklinik am Kirchberg\u2028<br \/>Piesenkamer Strasse 18, \u202883607 Grosshartpenning\u2028<br \/>Tel.:  08024 \/ 477 14-0<br \/>\u2028<a href=\"http:\/\/www.pferdepraxis-am-kirchberg.de\" target=\"_blank\">www.pferdepraxis-am-kirchberg.de<\/a><\/p>\n<p>Pferdeklinik M\u00fcnchen-Riem<br \/>\u2028Graf Lehndorff Str 36, \u202881929 M\u00fcnchen<br \/>\u2028Tel.: 089 \/ 908 506\u20280700 | 733 733 55 (24 Std-Bereitschaft)<br \/>\u2028<a href=\"http:\/\/www.pferdeklinik-muenchen.de\" target=\"_blank\">www.pferdeklinik-muenchen.de<\/a><\/p>\n<p>Tier\u00e4rztliche Klinik f\u00fcr Pferde<br \/>\u2028Gartenstrasse 14\u2028, 85609 Aschheim\u2028<br \/>Tel.: 089 \/ 90 43 043\u2028<br \/><a href=\"http:\/\/www.pferdeklinik-aschheim.de\" target=\"_blank\">www.pferdeklinik-aschheim.de<\/a>\u2028<\/p>\n<p>Tier\u00e4rztliche Klinik f\u00fcr Pferde\u2028<br \/>Wolfesing 12\u2028, 85604 Zorneding\u2028<br \/>Tel.: 08106 \/ 209 66\u2028<br \/><a href=\"http:\/\/www.pferdeklinikwolfesing.de\" target=\"_blank\">www.pferdeklinikwolfesing.de<\/a><\/p>\n","protected":false},"excerpt":{"rendered":"<p>Als Service f\u00fcr Sie finden Sie nachfolgend einige wichtige Notrufnummern f\u00fcr M\u00fcnchen und Umgebung,die alle 24 Std einsatzbereit sind: Bei Vergiftungen \u2028\u2028Vergiftungszentrale Bonn\u2028Tel.: 0228 \/ 19240\u2028www.gizbonn.de\u2028\u2028 Giftnotruf und Mobiles Gegengift-Depo M\u00fcnchen\u2028089 \u2013 19240\u2028www.toxinfo.org\/ Tierrettung Tierrettung M\u00fcnchen e.V.\u202801805 \/ 84 37 73\u2028www.tierrettungmuenchen.de\/ Kleintierkliniken LMU\u2028 Medizinische Kleintierklink\u2028Veterin\u00e4rstrasse 13\u2028, 80539 M\u00fcnchen\u2028Tel.: 0176 \/ 18 83 88 11\u2028www.med.vetmed.uni-muenchen.de\u2028\u2028 Tierklinik&#8230; <a class=\"more-link\" href=\"http:\/\/www.tierpraxis-stadler.de\/?page_id=98\" rel=\"nofollow\">Weiter lesen &raquo;<\/a><\/p>\n","protected":false},"author":1,"featured_media":0,"parent":0,"menu_order":0,"comment_status":"closed","ping_status":"closed","template":"","meta":{"_genesis_hide_title":false,"_genesis_hide_breadcrumbs":false,"_genesis_hide_singular_image":false,"_genesis_hide_footer_widgets":false,"_genesis_custom_body_class":"","_genesis_custom_post_class":"","_genesis_layout":"","footnotes":""},"class_list":{"0":"post-98","1":"page","2":"type-page","3":"status-publish","5":"entry"},"_links":{"self":[{"href":"http:\/\/www.tierpraxis-stadler.de\/index.php?rest_route=\/wp\/v2\/pages\/98","targetHints":{"allow":["GET"]}}],"collection":[{"href":"http:\/\/www.tierpraxis-stadler.de\/index.php?rest_route=\/wp\/v2\/pages"}],"about":[{"href":"http:\/\/www.tierpraxis-stadler.de\/index.php?rest_route=\/wp\/v2\/types\/page"}],"author":[{"embeddable":true,"href":"http:\/\/www.tierpraxis-stadler.de\/index.php?rest_route=\/wp\/v2\/users\/1"}],"replies":[{"embeddable":true,"href":"http:\/\/www.tierpraxis-stadler.de\/index.php?rest_route=%2Fwp%2Fv2%2Fcomments&post=98"}],"version-history":[{"count":22,"href":"http:\/\/www.tierpraxis-stadler.de\/index.php?rest_route=\/wp\/v2\/pages\/98\/revisions"}],"predecessor-version":[{"id":105,"href":"http:\/\/www.tierpraxis-stadler.de\/index.php?rest_route=\/wp\/v2\/pages\/98\/revisions\/105"}],"wp:attachment":[{"href":"http:\/\/www.tierpraxis-stadler.de\/index.php?rest_route=%2Fwp%2Fv2%2Fmedia&parent=98"}],"curies":[{"name":"wp","href":"https:\/\/api.w.org\/{rel}","templated":true}]}}