{"id":17,"date":"2013-01-18T13:46:08","date_gmt":"2013-01-18T11:46:08","guid":{"rendered":"http:\/\/www.tierpraxis-stadler.de\/?page_id=17"},"modified":"2025-09-16T20:26:57","modified_gmt":"2025-09-16T18:26:57","slug":"kontakt","status":"publish","type":"page","link":"https:\/\/www.tierpraxis-stadler.de\/?page_id=17","title":{"rendered":"Kontakt"},"content":{"rendered":"<p><img loading=\"lazy\" decoding=\"async\" src=\"http:\/\/www.tierpraxis-stadler.de\/wp-content\/uploads\/2013\/01\/kontakt-1.jpg\" alt=\"Tierpraxis Stadler - Kontakt\" width=\"1700\" height=\"900\" class=\"alignnone size-full wp-image-600\" srcset=\"https:\/\/www.tierpraxis-stadler.de\/wp-content\/uploads\/2013\/01\/kontakt-1.jpg 1700w, https:\/\/www.tierpraxis-stadler.de\/wp-content\/uploads\/2013\/01\/kontakt-1-679x359.jpg 679w, https:\/\/www.tierpraxis-stadler.de\/wp-content\/uploads\/2013\/01\/kontakt-1-768x407.jpg 768w, https:\/\/www.tierpraxis-stadler.de\/wp-content\/uploads\/2013\/01\/kontakt-1-1024x542.jpg 1024w\" sizes=\"auto, (max-width: 1700px) 100vw, 1700px\" \/><\/p>\n<h1>Kontakt<\/h1>\n<h1 class=\"teaser\">TERMINVEREINBARUNGEN BITTE UNTER<\/h1>\n<p><strong>08806 95 88 618<\/strong>\n<\/p>\n<h2>\u00d6FFNUNGSZEITEN IN UTTING<\/h2>\n<p>\tMontag von 9 bis 13 Uhr und 16 bis 18 Uhr<br \/>\n\tDienstag von 9 bis 13 Uhr und 16 bis 18 Uhr<br \/>\n\tMittwoch von 9 bis 13 Uhr<br \/>\n\tDonnerstag ist die Praxis in Utting geschlossen (Sprechstunde in M\u00fcnchen!)<br \/>\n\tFreitag von 9 bis 13 Uhr und 16 bis 18 Uhr\n<\/p>\n<p>\tTierpraxis f\u00fcr ganzheitliche Therapie, Schondorfer Strasse 3a, 86919 Utting am Ammersee\n<\/p>\n<h2>DONNERSTAG SPRECHSTUNDE IN M\u00dcNCHEN<\/h2>\n<p>\tWachtelweg 2, 81827 M\u00fcnchen \n<\/p>\n<hr \/>\n<h1 class=\"teaser\" id=\"impressum\">Impressum<\/h1>\n<p>Tierpraxis f\u00fcr ganzheitliche Therapie<br \/>\nMonika Stadler<br \/>\nTierheilpraktikerin<\/p>\n<p>Schondorfer Str. 3a<br \/>\n86919 Utting am Ammersee<br \/>\n<br \/>Tel.: 088 06  95 88 618<br \/>\n<br \/>\n<a href=\"mailto:&#105;&#110;&#102;&#111;&#064;&#116;&#105;&#101;&#114;&#112;&#114;&#097;&#120;&#105;&#115;&#045;&#115;&#116;&#097;&#100;&#108;&#101;&#114;&#046;&#100;&#101;\">&#105;&#110;&#102;&#111;&#064;&#116;&#105;&#101;&#114;&#112;&#114;&#097;&#120;&#105;&#115;&#045;&#115;&#116;&#097;&#100;&#108;&#101;&#114;&#046;&#100;&#101;<br \/>\n<\/a><\/p>\n<p>Verantwortlich f\u00fcr den Inhalt: Monika Stadler<br \/>\nUSt-IdNr:  DE 199 346 270<\/p>\n<p>Gestaltung, Fotografie und Umsetzung: <a href=\"https:\/\/niederundmarx.com\" target=\"_blank\" rel=\"noopener noreferrer\">Nieder+Marx Designagentur M\u00fcnchen<\/a><\/p>\n<h3>Haftung f\u00fcr Inhalte<\/h3>\n<p>Die Inhalte unserer Seiten wurden mit gr\u00f6\u00dfter Sorgfalt erstellt. F\u00fcr die Richtigkeit, Vollst\u00e4ndigkeit und Aktualit\u00e4t der Inhalte k\u00f6nnen wir jedoch keine Gew\u00e4hr \u00fcbernehmen. Als Diensteanbieter sind wir gem\u00e4\u00df \u00a7 7 Abs.1 TMG f\u00fcr eigene Inhalte auf diesen Seiten nach den allgemeinen Gesetzen verantwortlich. Nach \u00a7\u00a7 8 bis 10 TMG sind wir als Diensteanbieter jedoch nicht verpflichtet, \u00fcbermittelte oder gespeicherte fremde Informationen zu \u00fcberwachen oder nach Umst\u00e4nden zu forschen, die auf eine rechtswidrige T\u00e4tigkeit hinweisen. Verpflichtungen zur Entfernung oder Sperrung der Nutzung von Informationen nach den allgemeinen Gesetzen bleiben hiervon unber\u00fchrt. Eine diesbez\u00fcgliche Haftung ist jedoch erst ab dem Zeitpunkt der Kenntnis einer konkreten Rechtsverletzung m\u00f6glich. Bei Bekanntwerden von entsprechenden Rechtsverletzungen werden wir diese Inhalte umgehend entfernen.\n<\/p>\n<h3>Urheberrecht<\/h3>\n<p>Die durch die Seitenbetreiber erstellten Inhalte und Werke auf diesen Seiten unterliegen dem deutschen Urheberrecht. Die Vervielf\u00e4ltigung, Bearbeitung, Verbreitung und jede Art der Verwertung au\u00dferhalb der Grenzen des Urheberrechtes bed\u00fcrfen der schriftlichen Zustimmung des jeweiligen Autors bzw. Erstellers. Downloads und Kopien dieser Seite sind nur f\u00fcr den privaten, nicht kommerziellen Gebrauch gestattet. Soweit die Inhalte auf dieser Seite nicht vom Betreiber erstellt wurden, werden die Urheberrechte Dritter beachtet. Insbesondere werden Inhalte Dritter als solche gekennzeichnet. Sollten Sie trotzdem auf eine Urheberrechtsverletzung aufmerksam werden, bitten wir um einen entsprechenden Hinweis. Bei Bekanntwerden von Rechtsverletzungen werden wir derartige Inhalte umgehend entfernen.\n<\/p>\n<p>Online-Streitbeilegung gem\u00e4\u00df Art. 14 Abs. 1 ODR-VO: Die Europ\u00e4ische Kommission stellt eine Plattform zur Online-Streitbeilegung (OS) bereit, die Sie unter ec.europa.eu\/consumers\/odr\/ finden.<\/p>\n<p><em>Quellenangaben: <a href=\"http:\/\/www.e-recht24.de\/muster-disclaimer.htm\">Disclaimer<\/a> von eRecht24, dem Portal zum Internetrecht von Rechtsanwalt S\u00f6ren Siebert<br \/>\n\t<\/em><\/p>\n","protected":false},"excerpt":{"rendered":"<p>Kontakt TERMINVEREINBARUNGEN BITTE UNTER 08806 95 88 618 \u00d6FFNUNGSZEITEN IN UTTING Montag von 9 bis 13 Uhr und 16 bis 18 Uhr Dienstag von 9 bis 13 Uhr und 16 bis 18 Uhr Mittwoch von 9 bis 13 Uhr Donnerstag ist die Praxis in Utting geschlossen (Sprechstunde in M\u00fcnchen!) Freitag von 9 bis 13 Uhr&#8230; <a class=\"more-link\" href=\"https:\/\/www.tierpraxis-stadler.de\/?page_id=17\" rel=\"nofollow\">Weiter lesen &raquo;<\/a><\/p>\n","protected":false},"author":1,"featured_media":0,"parent":0,"menu_order":0,"comment_status":"closed","ping_status":"closed","template":"","meta":{"_genesis_hide_title":false,"_genesis_hide_breadcrumbs":false,"_genesis_hide_singular_image":false,"_genesis_hide_footer_widgets":false,"_genesis_custom_body_class":"","_genesis_custom_post_class":"","_genesis_layout":"","footnotes":""},"class_list":{"0":"post-17","1":"page","2":"type-page","3":"status-publish","5":"entry"},"_links":{"self":[{"href":"https:\/\/www.tierpraxis-stadler.de\/index.php?rest_route=\/wp\/v2\/pages\/17","targetHints":{"allow":["GET"]}}],"collection":[{"href":"https:\/\/www.tierpraxis-stadler.de\/index.php?rest_route=\/wp\/v2\/pages"}],"about":[{"href":"https:\/\/www.tierpraxis-stadler.de\/index.php?rest_route=\/wp\/v2\/types\/page"}],"author":[{"embeddable":true,"href":"https:\/\/www.tierpraxis-stadler.de\/index.php?rest_route=\/wp\/v2\/users\/1"}],"replies":[{"embeddable":true,"href":"https:\/\/www.tierpraxis-stadler.de\/index.php?rest_route=%2Fwp%2Fv2%2Fcomments&post=17"}],"version-history":[{"count":51,"href":"https:\/\/www.tierpraxis-stadler.de\/index.php?rest_route=\/wp\/v2\/pages\/17\/revisions"}],"predecessor-version":[{"id":884,"href":"https:\/\/www.tierpraxis-stadler.de\/index.php?rest_route=\/wp\/v2\/pages\/17\/revisions\/884"}],"wp:attachment":[{"href":"https:\/\/www.tierpraxis-stadler.de\/index.php?rest_route=%2Fwp%2Fv2%2Fmedia&parent=17"}],"curies":[{"name":"wp","href":"https:\/\/api.w.org\/{rel}","templated":true}]}}