{"id":2,"date":"2013-01-18T09:28:52","date_gmt":"2013-01-18T07:28:52","guid":{"rendered":"http:\/\/www.tierpraxis-stadler.de\/?page_id=2"},"modified":"2025-11-20T07:05:22","modified_gmt":"2025-11-20T06:05:22","slug":"beispiel-seite","status":"publish","type":"page","link":"https:\/\/www.tierpraxis-stadler.de\/","title":{"rendered":"Startseite"},"content":{"rendered":"<h1>Herzlich Willkommen!<\/h1>\n<h1 class=\"teaser\">Die Tierpraxis f\u00fcr ganzheitliche Therapie ist eine naturheilkundlich ausgerichtete Praxis, die sich auf die Behandlung von Hund, Katze und Pferd spezialisiert hat.<\/h1>\n<p>Die URSACHE hinter den Symptomen und Erkrankungen bei unseren Patienten zu erkennen, zu behandeln und &#8211; wenn m\u00f6glich &#8211; zu beseitigen, ist uns das wichtigste Anliegen. Keine reine Symptombehandlung! Unser Blick auf Ihr Tier ist IMMER ein ganzheitlicher.<\/p>\n<p>Heilung bedeutet f\u00fcr uns, dem K\u00f6rper zu helfen, wieder in die Regulation zu kommen. Und nur wenn das gegeben ist, verf\u00fcgt der Organismus \u00fcber ein intaktes Immunsystem. Und ein intaktes Immunsystem bietet kein Terrain f\u00fcr die Entstehung von Krankheit.<\/p>\n<p>Unser angestrebtes Ziel ist folglich eine NACHHALTIGE Genesung bei den uns anvertrauten vierbeinigen Patienten einzuleiten und zu erreichen.<\/p>\n<p>Gleichzeitig beraten wir Sie als Tierbesitzer so, dass Sie Ihrem Tier auch langfristig die bestm\u00f6gliche Gesundheit erm\u00f6glichen k\u00f6nnen und St\u00f6rungen und Erkrankungen bei Ihren Vierbeinern zuk\u00fcnftig vorbeugen und vermeiden k\u00f6nnen. Das ist f\u00fcr uns ein wesentlicher und selbstverst\u00e4ndlicher Teilaspekt unserer Beratung.<\/p>\n<p>Gerne stehen wir Ihnen mit Rat und Tat f\u00fcr die Gesundheit Ihres Tieres zur Verf\u00fcgung. Wir freuen uns auf ein Kennenlernen!<\/p>\n<div style=\"margin-top: 20px;\"><\/div>\n<h2>PRAXIS IN UTTING AM AMMERSEE<\/h2>\n<p class=\"mix\"><strong>Die \u00d6ffnungszeiten und Bilder der R\u00e4umlichkeiten finden Sie <a href=\"http:\/\/www.tierpraxis-stadler.de\/?page_id=15\">hier<\/a>.<br \/>\n<\/strong><\/p>\n<h2>SPRECHSTUNDE IN M\u00dcNCHEN<\/h2>\n<p class=\"mix\">Donnerstag, Wachtelweg 2, 81827 M\u00fcnchen<\/p>\n<p class=\"mix\"><strong>Termine f\u00fcr Utting und M\u00fcnchen bitte nach vorheriger Vereinbarung unter 08806 95 88 618 <\/p>\n","protected":false},"excerpt":{"rendered":"<p>Herzlich Willkommen! Die Tierpraxis f\u00fcr ganzheitliche Therapie ist eine naturheilkundlich ausgerichtete Praxis, die sich auf die Behandlung von Hund, Katze und Pferd spezialisiert hat. Die URSACHE hinter den Symptomen und Erkrankungen bei unseren Patienten zu erkennen, zu behandeln und &#8211; wenn m\u00f6glich &#8211; zu beseitigen, ist uns das wichtigste Anliegen. Keine reine Symptombehandlung! Unser Blick&#8230; <a class=\"more-link\" href=\"https:\/\/www.tierpraxis-stadler.de\/\" rel=\"nofollow\">Weiter lesen &raquo;<\/a><\/p>\n","protected":false},"author":1,"featured_media":0,"parent":0,"menu_order":0,"comment_status":"closed","ping_status":"closed","template":"seite.php","meta":{"_genesis_hide_title":false,"_genesis_hide_breadcrumbs":false,"_genesis_hide_singular_image":false,"_genesis_hide_footer_widgets":false,"_genesis_custom_body_class":"","_genesis_custom_post_class":"","_genesis_layout":"sidebar-content-sidebar","footnotes":""},"class_list":{"0":"post-2","1":"page","2":"type-page","3":"status-publish","5":"entry"},"_links":{"self":[{"href":"https:\/\/www.tierpraxis-stadler.de\/index.php?rest_route=\/wp\/v2\/pages\/2","targetHints":{"allow":["GET"]}}],"collection":[{"href":"https:\/\/www.tierpraxis-stadler.de\/index.php?rest_route=\/wp\/v2\/pages"}],"about":[{"href":"https:\/\/www.tierpraxis-stadler.de\/index.php?rest_route=\/wp\/v2\/types\/page"}],"author":[{"embeddable":true,"href":"https:\/\/www.tierpraxis-stadler.de\/index.php?rest_route=\/wp\/v2\/users\/1"}],"replies":[{"embeddable":true,"href":"https:\/\/www.tierpraxis-stadler.de\/index.php?rest_route=%2Fwp%2Fv2%2Fcomments&post=2"}],"version-history":[{"count":62,"href":"https:\/\/www.tierpraxis-stadler.de\/index.php?rest_route=\/wp\/v2\/pages\/2\/revisions"}],"predecessor-version":[{"id":893,"href":"https:\/\/www.tierpraxis-stadler.de\/index.php?rest_route=\/wp\/v2\/pages\/2\/revisions\/893"}],"wp:attachment":[{"href":"https:\/\/www.tierpraxis-stadler.de\/index.php?rest_route=%2Fwp%2Fv2%2Fmedia&parent=2"}],"curies":[{"name":"wp","href":"https:\/\/api.w.org\/{rel}","templated":true}]}}