{"id":5,"date":"2013-01-18T12:22:08","date_gmt":"2013-01-18T10:22:08","guid":{"rendered":"http:\/\/www.tierpraxis-stadler.de\/?page_id=5"},"modified":"2019-08-24T07:38:59","modified_gmt":"2019-08-24T05:38:59","slug":"monika-stadler","status":"publish","type":"page","link":"https:\/\/www.tierpraxis-stadler.de\/?page_id=5","title":{"rendered":"Monika Stadler"},"content":{"rendered":"<p><!--<img loading=\"lazy\" decoding=\"async\" src=\"http:\/\/www.tierpraxis-stadler.de\/wp-content\/uploads\/2013\/01\/monika_stadler-1.jpg\" alt=\"Tierpraxis Stadler\" width=\"1700\" height=\"900\" class=\"alignnone size-full wp-image-604\" srcset=\"https:\/\/www.tierpraxis-stadler.de\/wp-content\/uploads\/2013\/01\/monika_stadler-1.jpg 1700w, https:\/\/www.tierpraxis-stadler.de\/wp-content\/uploads\/2013\/01\/monika_stadler-1-679x359.jpg 679w, https:\/\/www.tierpraxis-stadler.de\/wp-content\/uploads\/2013\/01\/monika_stadler-1-768x407.jpg 768w, https:\/\/www.tierpraxis-stadler.de\/wp-content\/uploads\/2013\/01\/monika_stadler-1-1024x542.jpg 1024w\" sizes=\"auto, (max-width: 1700px) 100vw, 1700px\" \/>--><br \/>\n<img loading=\"lazy\" decoding=\"async\" src=\"http:\/\/www.tierpraxis-stadler.de\/wp-content\/uploads\/2013\/01\/MG_3001.jpg\" alt=\"Monika Stadler\" width=\"1700\" height=\"900\" class=\"alignnone size-full wp-image-681\" srcset=\"https:\/\/www.tierpraxis-stadler.de\/wp-content\/uploads\/2013\/01\/MG_3001.jpg 1700w, https:\/\/www.tierpraxis-stadler.de\/wp-content\/uploads\/2013\/01\/MG_3001-679x359.jpg 679w, https:\/\/www.tierpraxis-stadler.de\/wp-content\/uploads\/2013\/01\/MG_3001-768x407.jpg 768w, https:\/\/www.tierpraxis-stadler.de\/wp-content\/uploads\/2013\/01\/MG_3001-1024x542.jpg 1024w\" sizes=\"auto, (max-width: 1700px) 100vw, 1700px\" \/><\/p>\n<h1>Monika Stadler<br \/>Tierheilpraktikerin und Therapeutin f\u00fcr Tierhom\u00f6opathie, Tierakupunktur und Chinesische Medizin.<\/h1>\n<p>Ausbildungen, Zusatzqualifikationen und Weiterbildungen (Auszug): <span><a onclick=\"read_toggle(1457977719, 'Mehr erfahren', 'Weniger'); return false;\" class=\"read-link\" id=\"readlink1457977719\" style=\"readlink\" href=\"#\">Mehr erfahren<\/a><\/span>\n<div class=\"read_div\" id=\"read1457977719\" style=\"display: none;\"><\/p>\n<ul>\n<li><b>3-j\u00e4hrige Ausbildung zum Tierheilpraktiker<\/b><br \/>an der Akademie f\u00fcr Tiernaturheilkunde (ATM)\u2028 mit der Spezialisierung Hund, Katze, Pferd\u2028. Beinhaltung aller therapeutischer Spezialisierungsthemen wie Akupunktur f\u00fcr Tiere, \u2028Hom\u00f6opathie f\u00fcr Tiere, Phytotherapie sowie andere Therapieverfahren<\/li>\n<li><b>Einj\u00e4hrige Zusatzausbildung in Chinesischer Phytotherapie\u2028<\/b><br \/>bei Guido H\u00f6nig<\/li>\n<li><b>Akupunktur nach den 5 Wandlungsphasen und die Arbeit mit den Wundermeridianen<\/b><br \/>bei Guido H\u00f6nig<\/li>\n<li><b>Akupunkturseminar: Erkrankung im Bewegungsapparat, Bi-Syndrome in Theorie &#038; Praxis\u2028<\/b><br \/>\u2028bei Julia Sauer<\/li>\n<li><b>Osteopathie &#038; Cranio-Sakral-Therapie\u2028\u2028<\/b><br \/>bei Dr. Are Thoresen<\/li>\n<li><b>Alte Tiere, typische Erkrankungen und deren hom\u00f6opathische Therapie\u2028<\/b><br \/>\u2028bei Dr. Klaus Gerd Scharf<\/li>\n<li><b>Dunkelfeldmikroskopie und Dunkelfelddiagnostik <\/b><br \/>\u2028bei Helga B\u00f6hm, Lehrinstitut Artemis<\/li>\n<li><b>Alternative Krebsbehandlung von Tieren mit der HorviEnzymed Therapie\u2028<\/b><br \/>\nbei Yvonne Fischer<\/li>\n<li><b>Hom\u00f6opathie bei Vergiftungen und Infektionen\u2028<\/b><br \/>\u2028M\u00f6glichkeit der Entgiftung, Materia Medica wichtiger \u2028Schlangen-, Reptil- und Spinnengifte<br \/>\nbei Dr. Klaus Gerd Scharf<\/li>\n<li><b>Fachseminar: Krankheiten in der TCM erkennen und erfolgreich behandeln\u2028<\/b><br \/>\u2028bei Guido H\u00f6nig<\/li>\n<li><b>Kinesiologie in der Tiermedizin\u2028<\/b><br \/>\u2028bei Dr. Annette Rieso-Carlson<\/li>\n<li><b>Hom\u00f6opathie-Seminar: Miasmen und Nosoden\u2028<\/b><br \/>\u2028bei Dr. Klaus Gerd Scharf<\/li>\n<li><b>Hom\u00f6opathie bei Harn- und Geschlechtskrankheiten\u2028<\/b><br \/>\u2028bei Dr. Klaus Gerd Scharf<\/li>\n<li><b>\u00dcbers\u00e4uerung bei Pferd und Hund\u2028<\/b><br \/>\u2028bei Yvonne Fischer<\/li>\n<li><b>Fachseminar f\u00fcr Tierheilkunde\u2028<\/b><br \/>\nSpenglersan Kolloid Immuntherapie und Kolloid Blut-Tests<br \/>\nbei Meckel-Spenglersan<\/li>\n<li><b>Erkrankungen der Haut und Schleimhaut behandeln\u2028<\/b><br \/>\u2028bei Dr. Anita Kracke<\/li>\n<li><b>Hom\u00f6opathie bei Autoimmunerkrankungen<\/b><br \/>\u2028bei Claudia Grothus<\/li>\n<li><b>Heilen mit Zeichen\/K\u00f6rbler-Zeichen <\/b><br \/>\u2028bei Klaus Echtler<\/li>\n<li><b>Ausbildung zur Tier-Mykotherapeutin<\/b><br \/>\u2028bei Gesellschaft f\u00fcr Vitalpilzkunde e.V. Petra Scharl<\/li>\n<li><b>Erkrankungen der Niere und Harnwege<\/b><br \/>\u2028bei Dr. Anita Kracke<\/li>\n<li><b>Workshop Photonenpflaster<\/b><br \/>\u2028bei Gabi Jakobi<\/li>\n<li><b>Laborseminar \u2013 Labordiagnostik\u2028\u2028<\/b><br \/>Koproskopie: Flotation und Sedimentation\u2028 bei Dr. Dr. C. Hinterseher<\/li>\n<p>etc.<\/p>\n<li><b>u.v.m.<\/b><\/li>\n<\/ul>\n<p>Hospitanz in verschiedenen Tierarztpraxen in M\u00fcnchen.<br \/>\nUm die neuesten Erkenntnisse und Methoden in meiner t\u00e4glichen Arbeit anwenden zu k\u00f6nnen, bilde ich mich kontinuierlich weiter aus und besuche regelm\u00e4\u00dfig Fort- und Weiterbildungen.<\/p>\n<p><\/div><br \/>\n<img loading=\"lazy\" decoding=\"async\" src=\"http:\/\/www.tierpraxis-stadler.de\/wp-content\/uploads\/2019\/04\/angela.jpg\" alt=\"\" width=\"1700\" height=\"900\" class=\"alignnone size-full wp-image-818\" srcset=\"https:\/\/www.tierpraxis-stadler.de\/wp-content\/uploads\/2019\/04\/angela.jpg 1700w, https:\/\/www.tierpraxis-stadler.de\/wp-content\/uploads\/2019\/04\/angela-679x359.jpg 679w, https:\/\/www.tierpraxis-stadler.de\/wp-content\/uploads\/2019\/04\/angela-768x407.jpg 768w, https:\/\/www.tierpraxis-stadler.de\/wp-content\/uploads\/2019\/04\/angela-1024x542.jpg 1024w\" sizes=\"auto, (max-width: 1700px) 100vw, 1700px\" \/><\/p>\n<h1>Angela Bolduan<br \/>Terminvergabe und Praxisorganisation<\/h1>\n","protected":false},"excerpt":{"rendered":"<p>Monika StadlerTierheilpraktikerin und Therapeutin f\u00fcr Tierhom\u00f6opathie, Tierakupunktur und Chinesische Medizin. Ausbildungen, Zusatzqualifikationen und Weiterbildungen (Auszug): Angela BolduanTerminvergabe und Praxisorganisation<\/p>\n","protected":false},"author":1,"featured_media":0,"parent":0,"menu_order":0,"comment_status":"closed","ping_status":"closed","template":"","meta":{"_genesis_hide_title":false,"_genesis_hide_breadcrumbs":false,"_genesis_hide_singular_image":false,"_genesis_hide_footer_widgets":false,"_genesis_custom_body_class":"","_genesis_custom_post_class":"","_genesis_layout":"sidebar-content","footnotes":""},"class_list":{"0":"post-5","1":"page","2":"type-page","3":"status-publish","5":"entry"},"_links":{"self":[{"href":"https:\/\/www.tierpraxis-stadler.de\/index.php?rest_route=\/wp\/v2\/pages\/5","targetHints":{"allow":["GET"]}}],"collection":[{"href":"https:\/\/www.tierpraxis-stadler.de\/index.php?rest_route=\/wp\/v2\/pages"}],"about":[{"href":"https:\/\/www.tierpraxis-stadler.de\/index.php?rest_route=\/wp\/v2\/types\/page"}],"author":[{"embeddable":true,"href":"https:\/\/www.tierpraxis-stadler.de\/index.php?rest_route=\/wp\/v2\/users\/1"}],"replies":[{"embeddable":true,"href":"https:\/\/www.tierpraxis-stadler.de\/index.php?rest_route=%2Fwp%2Fv2%2Fcomments&post=5"}],"version-history":[{"count":47,"href":"https:\/\/www.tierpraxis-stadler.de\/index.php?rest_route=\/wp\/v2\/pages\/5\/revisions"}],"predecessor-version":[{"id":827,"href":"https:\/\/www.tierpraxis-stadler.de\/index.php?rest_route=\/wp\/v2\/pages\/5\/revisions\/827"}],"wp:attachment":[{"href":"https:\/\/www.tierpraxis-stadler.de\/index.php?rest_route=%2Fwp%2Fv2%2Fmedia&parent=5"}],"curies":[{"name":"wp","href":"https:\/\/api.w.org\/{rel}","templated":true}]}}