{"id":53,"date":"2013-02-01T14:02:25","date_gmt":"2013-02-01T12:02:25","guid":{"rendered":"http:\/\/www.tierpraxis-stadler.de\/?page_id=53"},"modified":"2019-10-06T09:03:47","modified_gmt":"2019-10-06T07:03:47","slug":"philosophie","status":"publish","type":"page","link":"https:\/\/www.tierpraxis-stadler.de\/?page_id=53","title":{"rendered":"Philosophie"},"content":{"rendered":"<p><img loading=\"lazy\" decoding=\"async\" src=\"http:\/\/www.tierpraxis-stadler.de\/wp-content\/uploads\/2013\/02\/philosophie-1.jpg\" alt=\"Tierpraxis Stadler - Philosophie\" width=\"1700\" height=\"900\" class=\"alignnone size-full wp-image-606\" srcset=\"https:\/\/www.tierpraxis-stadler.de\/wp-content\/uploads\/2013\/02\/philosophie-1.jpg 1700w, https:\/\/www.tierpraxis-stadler.de\/wp-content\/uploads\/2013\/02\/philosophie-1-679x359.jpg 679w, https:\/\/www.tierpraxis-stadler.de\/wp-content\/uploads\/2013\/02\/philosophie-1-768x407.jpg 768w, https:\/\/www.tierpraxis-stadler.de\/wp-content\/uploads\/2013\/02\/philosophie-1-1024x542.jpg 1024w\" sizes=\"auto, (max-width: 1700px) 100vw, 1700px\" \/><\/p>\n<h1> Heilung heisst nicht, ein Symptom abzustellen! Ganzheitliche Therapie setzt bei der Ursache an: sie behandelt das Tier und nicht die Krankheit.<\/h1>\n<h1 class=\"teaser\"> Denn nichts im K\u00f6rper passiert isoliert. Jedes Symptom, jede Krankheit hat eine Ursache.<\/h1>\n<p>In den meisten F\u00e4llen wird jedoch ausschlie\u00dflich die Krankheit behandelt. Das Symptom wird abgestellt. Und die Ursache? Diese liegt oft ganz woanders, als die k\u00f6rperlichen Beschwerden, die wir bei unseren Vierbeinern wahrnehmen. Mit dem Ergebnis: Das Symptom ist erstmal weg. Gesund ist das Tier dann aber (noch) nicht. Die Ursache ist nicht behoben! Die Disharmonien im K\u00f6rper bleiben weiter bestehen. Dasselbe Krankheitssymptom taucht nach einiger Zeit erneut auf. Oder Ihr Tier hat wenige Wochen sp\u00e4ter ein &#8222;anderes Problem&#8220;. Verschiedenste &#8222;Baustellen&#8220; manifestieren sich im Organismus. Und\/oder chronische Erkrankungen entwickeln sich. <\/p>\n<p> Ganzheitliche Medizin hinterfragt auch, was zuerst da war: der Erreger oder die Schwachstelle im Organismus, die diesem \u00fcberhaupt erst das &#8222;Terrain&#8220; bereiten konnte. Herk\u00f6mmlich wird fast ausschlie\u00dflich &#8222;nur&#8220; der Erreger bek\u00e4mpft. Und die Schwachstelle? Diese bleibt bestehen. Die Ursache bleibt unbehandelt. Erreger finden einige Zeit danach erneut einen N\u00e4hrboden. Manche Tiere fallen regelrecht von einer Erkrankung in die n\u00e4chste und kommen aus dieser &#8222;Schleife&#8220; nur schwer wieder heraus. Denn Ursache und Schwachstelle sind nicht behoben.<\/p>\n<p>Unser Bestreben ist es, eine nachhaltige Genesung bei unseren Patienten einzuleiten. Und um das zu erreichen, stehen in der Praxis eine ganzheitliche Betrachtungsweise, eine ganzheitliche Diagnostik und eine individuell ausgerichtete ganzheitliche Therapie im Fokus, die sowohl die k\u00f6rperlichen als auch psychischen Symptome jedes einzelnen Patienten erfasst.<\/p>\n<hr \/>\n<p><em><strong>Zuguterletzt:<\/strong> Ein guter Tierheilpraktiker kennt seine Grenzen und die Grenzen der Naturheilkunde. Wir arbeiten eng mit einigen Tierarztpraxen und Tier\u00e4rzten in M\u00fcnchen und Umgebung zusammen und begr\u00fc\u00dfen sehr ein konstruktives Miteinander, dass f\u00fcr den Patienten den gr\u00f6\u00dftm\u00f6glichen Nutzen darstellt.<\/em><\/p>\n","protected":false},"excerpt":{"rendered":"<p>Heilung heisst nicht, ein Symptom abzustellen! Ganzheitliche Therapie setzt bei der Ursache an: sie behandelt das Tier und nicht die Krankheit. Denn nichts im K\u00f6rper passiert isoliert. Jedes Symptom, jede Krankheit hat eine Ursache. In den meisten F\u00e4llen wird jedoch ausschlie\u00dflich die Krankheit behandelt. Das Symptom wird abgestellt. Und die Ursache? Diese liegt oft ganz&#8230; <a class=\"more-link\" href=\"https:\/\/www.tierpraxis-stadler.de\/?page_id=53\" rel=\"nofollow\">Weiter lesen &raquo;<\/a><\/p>\n","protected":false},"author":1,"featured_media":0,"parent":0,"menu_order":0,"comment_status":"closed","ping_status":"closed","template":"","meta":{"_genesis_hide_title":false,"_genesis_hide_breadcrumbs":false,"_genesis_hide_singular_image":false,"_genesis_hide_footer_widgets":false,"_genesis_custom_body_class":"","_genesis_custom_post_class":"","_genesis_layout":"","footnotes":""},"class_list":{"0":"post-53","1":"page","2":"type-page","3":"status-publish","5":"entry"},"_links":{"self":[{"href":"https:\/\/www.tierpraxis-stadler.de\/index.php?rest_route=\/wp\/v2\/pages\/53","targetHints":{"allow":["GET"]}}],"collection":[{"href":"https:\/\/www.tierpraxis-stadler.de\/index.php?rest_route=\/wp\/v2\/pages"}],"about":[{"href":"https:\/\/www.tierpraxis-stadler.de\/index.php?rest_route=\/wp\/v2\/types\/page"}],"author":[{"embeddable":true,"href":"https:\/\/www.tierpraxis-stadler.de\/index.php?rest_route=\/wp\/v2\/users\/1"}],"replies":[{"embeddable":true,"href":"https:\/\/www.tierpraxis-stadler.de\/index.php?rest_route=%2Fwp%2Fv2%2Fcomments&post=53"}],"version-history":[{"count":16,"href":"https:\/\/www.tierpraxis-stadler.de\/index.php?rest_route=\/wp\/v2\/pages\/53\/revisions"}],"predecessor-version":[{"id":830,"href":"https:\/\/www.tierpraxis-stadler.de\/index.php?rest_route=\/wp\/v2\/pages\/53\/revisions\/830"}],"wp:attachment":[{"href":"https:\/\/www.tierpraxis-stadler.de\/index.php?rest_route=%2Fwp%2Fv2%2Fmedia&parent=53"}],"curies":[{"name":"wp","href":"https:\/\/api.w.org\/{rel}","templated":true}]}}