{"id":765,"date":"2018-06-04T08:51:56","date_gmt":"2018-06-04T06:51:56","guid":{"rendered":"http:\/\/www.tierpraxis-stadler.de\/?page_id=765"},"modified":"2018-06-04T08:51:56","modified_gmt":"2018-06-04T06:51:56","slug":"datenschutzerklaerung","status":"publish","type":"page","link":"https:\/\/www.tierpraxis-stadler.de\/?page_id=765","title":{"rendered":"Datenschutzerkl\u00e4rung"},"content":{"rendered":"<h2>Allgemeine Hinweise zum Datenschutz<\/h2>\n<p>Die folgenden Hinweise geben einen einfachen \u00dcberblick dar\u00fcber, was mit Ihren Nutzer- und personenbezogenen Daten passiert, wenn Sie meine Website besuchen.<br \/>\n\tPersonenbezogene Daten werden auf dieser Website nur im notwendigen Umfang, in der Regel zur Verbesserung meiner  Leistungen erhoben, hierbei bleibe ich  im Rahmen der rechtm\u00e4\u00dfigen Verarbeitung gem. Art. 6 DS-GVO. Sollten die personenbezogenen Daten zu anderen Zwecken erhoben werden, so werde ich Sie  im Folgenden dar\u00fcber aufkl\u00e4ren.<br \/>\n\tAusf\u00fchrliche Informationen zum Thema Datenschutz entnehmen Sie meiner unter diesem Text aufgef\u00fchrten Datenschutzerkl\u00e4rung.\n<\/p>\n<h2>1. Name und Kontaktdaten des f\u00fcr die Verarbeitung Verantwortlichen der Praxis<\/h2>\n<p>Verantwortliche: <br \/>\n\tMonika Stadler<br \/>\n\tSchondorfer Str. 3a<br \/>\n\t86919 Utting am Ammersee<br \/>\n\tTel.: 088 06 95 88 618<br \/>\n\tinfo@tierpraxis-stadler.de\n<\/p>\n<h2>2. Meine Erhebung und Speicherung personenbezogener Daten sowie die Art und  der Zweck von deren Verwendung<br \/>\n<\/h2>\n<p>Personenbezogene Daten sind Einzelangaben \u00fcber pers\u00f6nliche oder sachliche Verh\u00e4ltnisse einer bestimmten oder bestimmbaren nat\u00fcrlichen Person.<br \/>\n\tIm Folgenden teile ich Ihnen daher mit, ob und wann Daten und personenbezogene Daten von Ihnen erhoben werden:\n<\/p>\n<p>a) Beim Besuch unserer Website<\/p>\n<p>Beim Aufrufen meiner Webseite  werden durch den auf Ihrem Endger\u00e4t zum Einsatz kommenden Browser automatisch Informationen an den Server meiner Website gesendet. Diese Informationen werden tempor\u00e4r in einem sog. Logfile ( access und error-Logfile ) gespeichert. Die Erhebung Ihrer IP-Adresse wird serverseitig bereits anonymisiert. Ein Personenbezug ist damit nicht gegeben.<br \/>\n\tFolgende Informationen werden dabei ohne Ihr Zutun erfasst und bis zur automatisierten L\u00f6schung gespeichert:\n<\/p>\n<ul>\n<li>Datum und Uhrzeit des Zugriffs,<\/li>\n<li>Name und URL der abgerufenen Datei,<\/li>\n<li>Website, von der aus der Zugriff erfolgt (Referrer-URL),<\/li>\n<li>verwendeter Browser und ggf. das Betriebssystem Ihres Rechners  sowie der Name Ihres Access-Providers.\n\t<\/li>\n<\/ul>\n<p>Die oben genannten Daten werden durch uns zu folgenden Zwecken verarbeitet:<\/p>\n<ul>\n<li>Gew\u00e4hrleistung eines reibungslosen Verbindungsaufbaus der Website,<\/li>\n<li>Gew\u00e4hrleistung einer komfortablen Nutzung unserer Website,<\/li>\n<li>Auswertung der Systemsicherheit und -stabilit\u00e4t sowie zu weiteren administrativen Zwecken.<\/li>\n<\/ul>\n<p>Die Rechtsgrundlage f\u00fcr meine Datenverarbeitung ist Art. 6 Abs. 1 S. 1 lit. f DSGVO. Mein berechtigtes Interesse dabei folgt aus den oben aufgelisteten Zwecken zur Datenerhebung.<br \/>\n\tIn keinem Fall verwende ich die erhobenen Daten zu dem Zweck, R\u00fcckschl\u00fcsse auf Ihre Person zu ziehen.\n<\/p>\n<p>b) Wenn Sie mich fragen wollen<\/p>\n<p>Bei Ihrer Kontaktaufnahme mit mir, entweder  via Mail oder \u00fcber die hierf\u00fcr vorgesehene Telefonnummer werden die von Ihnen mir mitgeteilten Daten von mir gespeichert, um Ihre Anfragen zu beantworten.<br \/>\n\tDie Datenverarbeitung zum Zwecke der Kontaktaufnahme mit mir erfolgt nach Art. 6 Abs. 1 S. 1 lit. a DSGVO auf Grundlage Ihrer mir freiwillig erteilten Einwilligung.<br \/>\n\tDie in diesem Zusammenhang angefallenen Daten l\u00f6sche ich, nachdem die Speicherung nicht mehr erforderlich ist, was regelm\u00e4\u00dfig dann der Fall ist, wenn ich Ihre Anfrage beantworten konnte und die Angelegenheit damit erledigt ist oder ich schr\u00e4nke die weitere Verarbeitung ein, falls gesetzliche Aufbewahrungspflichten bestehen.\n<\/p>\n<p>c) Wenn Sie sich f\u00fcr meine Seminare anmelden m\u00f6chten<\/p>\n<p>Ich informiere auf meiner Webseite \u00fcber meine regelm\u00e4\u00dfigen Seminare, die ich anbiete und gebe Ihnen die M\u00f6glichkeit, sich f\u00fcr diese Seminare per Mail, Tel. oder Post anzumelden. Die dadurch von Ihnen mir \u00fcbermittelten personenbezogenen Daten ben\u00f6tige ich f\u00fcr die weitere Planung, Umsetzung und Verwaltung. Ihr Anmeldebogen wird von mir zudem gespeichert.<br \/>\n\tDie Datenverarbeitung zum Zwecke der Seminaranmeldung mit mir erfolgt nach Art. 6 Abs. 1 S. 1 lit. b DSGVO auf Grundlage der vertraglichen Verpflichtungen, die durch ihre Anmeldung begr\u00fcndet wird.<br \/>\n\tDie von Ihnen mir derart zugesandten und von mir verarbeitenden personenbezogenen Daten werden nach Beendigung des Seminares und nach Abwicklung automatisch gel\u00f6scht, es sei denn, dass Sie mir f\u00fcr die weitere Verarbeitung eine ausdr\u00fcckliche Einwilligung gegeben haben oder ich einer rechtlichen Verpflichtung unterliege, die Vertragsdaten mit Ihnen aufzubewahren.\n<\/p>\n<h2>3. Weitergabe von Daten<\/h2>\n<p>Eine \u00dcbermittlung Ihrer pers\u00f6nlichen Daten an Dritte zu anderen als den im Folgenden aufgef\u00fchrten Zwecken findet nicht statt.<br \/>\n\tIch gebe Ihre pers\u00f6nlichen Daten nur an Dritte weiter, wenn:\n<\/p>\n<ul>\n<li>Sie Ihre nach Art. 6 Abs. 1 S. 1 lit. a DSGVO ausdr\u00fcckliche Einwilligung dazu erteilt haben,<\/li>\n<li>die Weitergabe nach Art. 6 Abs. 1 S. 1 lit. f DSGVO zur Geltendmachung, Aus\u00fcbung oder Verteidigung von Rechtsanspr\u00fcchen erforderlich ist und kein Grund zur Annahme besteht, dass Sie ein \u00fcberwiegendes schutzw\u00fcrdiges Interesse an der Nichtweitergabe Ihrer Daten haben,\n\t<\/li>\n<li>f\u00fcr den Fall, dass f\u00fcr die Weitergabe nach Art. 6 Abs. 1 S. 1 lit. c DSGVO eine gesetzliche Verpflichtung besteht, sowie\n\t<\/li>\n<li>dies gesetzlich zul\u00e4ssig und nach Art. 6 Abs. 1 S. 1 lit. b DSGVO f\u00fcr die Abwicklung von Vertragsverh\u00e4ltnissen mit Ihnen<br \/>\n\t\terforderlich ist.\n\t<\/li>\n<\/ul>\n<h2>4. Cookies<\/h2>\n<p>Ich setze auf meiner Seite Cookies ein. Hierbei handelt es sich um kleine Dateien, die Ihr Browser automatisch erstellt und die auf Ihrem Endger\u00e4t (Laptop, Tablet, Smartphone o.\u00e4.) gespeichert werden, wenn Sie meine Seite besuchen.<br \/>\n\tCookies richten auf Ihrem Endger\u00e4t keinen Schaden an, enthalten keine Viren, Trojaner oder sonstige Schadsoftware.<br \/>\n\tIn dem Cookie werden Informationen abgelegt, die sich jeweils im Zusammenhang mit dem spezifisch eingesetzten Endger\u00e4t ergeben. Dies bedeutet jedoch nicht, dass ich dadurch  unmittelbar Kenntnis von Ihrer Identit\u00e4t erhalte. Der Einsatz von Cookies dient einerseits dazu, die Nutzung meines Angebots f\u00fcr Sie angenehmer zu gestalten.<br \/>\n\tSo setze ich sogenannte Session-Cookies ein, um zu erkennen, dass Sie einzelne Seiten unserer Website bereits besucht haben. Diese werden nach Verlassen meiner Seite automatisch gel\u00f6scht.\n<\/p>\n<p>Dar\u00fcber hinaus setze ich zur Optimierung der Benutzerfreundlichkeit tempor\u00e4re Cookies ein, die f\u00fcr einen bestimmten festgelegten Zeitraum auf Ihrem Endger\u00e4t gespeichert werden. Besuchen Sie meine Seite erneut, um meine Dienste in Anspruch zu nehmen, wird automatisch erkannt, dass Sie bereits bei mir waren und welche Eingaben und Einstellungen sie get\u00e4tigt haben, um diese nicht noch einmal eingeben zu m\u00fcssen.<br \/>\n\tDie durch Cookies verarbeiteten Daten sind f\u00fcr die genannten Zwecke zur Wahrung meiner berechtigten Interessen sowie der Dritter nach Art. 6 Abs. 1 S. 1 lit. f DSGVO erforderlich.<br \/>\n\tDie meisten Browser akzeptieren Cookies automatisch.<br \/>\n\tSie k\u00f6nnen Ihren Browser jedoch so konfigurieren, dass keine Cookies auf Ihrem Computer gespeichert werden oder stets ein Hinweis erscheint, bevor ein neuer Cookie angelegt wird. Die vollst\u00e4ndige Deaktivierung von Cookies kann jedoch dazu f\u00fchren, dass Sie nicht alle Funktionen meiner Website nutzen k\u00f6nnen.\n<\/p>\n<h2>5. Betroffenenrechte<\/h2>\n<p>Sie haben das Recht:<\/p>\n<ul>\n<li>gem\u00e4\u00df Art. 15 DSGVO Auskunft \u00fcber Ihre von mir verarbeiteten personenbezogenen Daten zu verlangen. Insbesondere k\u00f6nnen Sie Auskunft \u00fcber die Verarbeitungszwecke, die Kategorie der personenbezogenen Daten, die Kategorien von Empf\u00e4ngern, gegen\u00fcber denen Ihre Daten offengelegt wurden oder werden, die geplante Speicherdauer, das Bestehen eines Rechts auf Berichtigung, L\u00f6schung, Einschr\u00e4nkung der Verarbeitung oder Widerspruch, das Bestehen eines Beschwerderechts, die Herkunft ihrer Daten, sofern diese nicht bei mir erhoben wurden, sowie \u00fcber das Bestehen einer automatisierten Entscheidungsfindung einschlie\u00dflich Profiling und ggf. aussagekr\u00e4ftigen Informationen zu deren Einzelheiten verlangen;\n\t<\/li>\n<li>gem\u00e4\u00df Art. 16 DSGVO unverz\u00fcglich die Berichtigung unrichtiger oder Vervollst\u00e4ndigung Ihrer bei mir gespeicherten personenbezogenen Daten zu verlangen;\n\t<\/li>\n<li>gem\u00e4\u00df Art. 17 DSGVO die L\u00f6schung Ihrer bei mir gespeicherten personenbezogenen Daten zu verlangen, soweit nicht die Verarbeitung zur Aus\u00fcbung des Rechts auf freie Meinungs\u00e4u\u00dferung und Information, zur Erf\u00fcllung einer rechtlichen Verpflichtung, aus Gr\u00fcnden des \u00f6ffentlichen Interesses oder zur Geltendmachung, Aus\u00fcbung oder Verteidigung von Rechtsanspr\u00fcchen erforderlich ist;\n\t<\/li>\n<li>gem\u00e4\u00df Art. 18 DSGVO die Einschr\u00e4nkung der Verarbeitung Ihrer personenbezogenen Daten zu verlangen, soweit die Richtigkeit der Daten von Ihnen bestritten wird, die Verarbeitung unrechtm\u00e4\u00dfig ist, Sie aber deren L\u00f6schung ablehnen und ich die Daten nicht mehr ben\u00f6tige, Sie jedoch diese zur Geltendmachung, Aus\u00fcbung oder Verteidigung von Rechtsanspr\u00fcchen ben\u00f6tigen oder Sie gem\u00e4\u00df Art. 21 DSGVO Widerspruch gegen die Verarbeitung eingelegt haben;\n\t<\/li>\n<li>gem\u00e4\u00df Art. 20 DSGVO Ihre personenbezogenen Daten, die Sie mir bereitgestellt haben, in einem strukturierten, g\u00e4ngigen und maschinenlesebaren Format zu erhalten oder die \u00dcbermittlung an einen anderen Verantwortlichen zu verlangen;\n<li>gem\u00e4\u00df Art. 7 Abs. 3 DSGVO Ihre einmal erteilte Einwilligung jederzeit gegen\u00fcber mich zu widerrufen. Dies hat zur Folge, dass ich die Datenverarbeitung, die auf dieser Einwilligung beruhte, f\u00fcr die Zukunft nicht mehr fortf\u00fchren darf und\n\t<\/li>\n<li>gem\u00e4\u00df Art. 77 DSGVO sich bei einer Aufsichtsbeh\u00f6rde zu beschweren. In der Regel k\u00f6nnen Sie sich hierf\u00fcr an die Aufsichtsbeh\u00f6rde Ihres \u00fcblichen Aufenthaltsortes oder Arbeitsplatzes oder meines Praxissitzes wenden.\n\t<\/li>\n<\/ul>\n<h2>6. Widerspruchsrecht<\/h2>\n<p>Sofern Ihre personenbezogenen Daten auf Grundlage von meinen berechtigten Interessen gem\u00e4\u00df Art. 6 Abs. 1 S. 1 lit. f DSGVO verarbeitet werden, haben Sie das Recht, gem\u00e4\u00df Art. 21 DSGVO Widerspruch gegen die Verarbeitung Ihrer personenbezogenen Daten einzulegen, soweit daf\u00fcr Gr\u00fcnde vorliegen, die sich aus Ihrer besonderen Situation ergeben oder sich der Widerspruch gegen Direktwerbung richtet. Im letzteren Fall haben Sie sogar ein generelles Widerspruchsrecht, das ohne Angabe einer besonderen Situation von mir umgesetzt wird.<br \/>\n\tM\u00f6chten Sie von Ihrem Widerrufs- oder Widerspruchsrecht Gebrauch machen, gen\u00fcgt eine E-Mail an die oben angegeben Emailadresse.\n<\/p>\n<h2>7. Datensicherheit<\/h2>\n<p>Ich verwende innerhalb des Website-Besuchs das verbreitete SSL-Verfahren (Secure Socket Layer) in Verbindung mit der jeweils h\u00f6chsten Verschl\u00fcsselungsstufe, die von Ihrem Browser unterst\u00fctzt wird. In der Regel handelt es sich dabei um eine 256 Bit Verschl\u00fcsselung. Falls Ihr Browser keine 256-Bit Verschl\u00fcsselung unterst\u00fctzt, greife ich stattdessen auf 128-Bit v3 Technologie zur\u00fcck. Ob eine einzelne Seite meines Internetauftrittes verschl\u00fcsselt \u00fcbertragen wird, erkennen Sie an der geschlossenen Darstellung des Sch\u00fcssel- beziehungsweise Schloss-Symbols in der unteren Statusleiste Ihres Browsers.<br \/>\n\tIch bediene mich im \u00dcbrigen geeigneter technischer und organisatorischer Sicherheitsma\u00dfnahmen, um Ihre Daten gegen zuf\u00e4llige oder vors\u00e4tzliche Manipulationen, teilweisen oder vollst\u00e4ndigen Verlust, Zerst\u00f6rung oder gegen den unbefugten Zugriff Dritter zu sch\u00fctzen.<br \/>\n\tIch habe zudem sogenannte Sicherheitsstandards implementiert, um Ihre mir bereitgestellten personenbezogenen Informationen durch branchen\u00fcbliche Standards und Technologien zu sch\u00fctzen. Ich \u00fcberpr\u00fcfe ( oder lasse \u00fcberpr\u00fcfen) dabei regelm\u00e4\u00dfig mein System hinsichtlich potenzieller Schwachstellen und Angriffe und nutze dabei ein auf Systemebene zugriffsgesch\u00fctztes Datenzentrum, um die von Ihnen auf meinen Servern gespeicherten Daten zu sch\u00fctzen.<br \/>\n\tDa das Internet allerdings keine hundertprozentig sichere Umgebung ist, kann ich f\u00fcr die Sicherheit der Daten, die Sie \u00fcber das Internet an mich \u00fcbertragen, keine Gew\u00e4hrleistung oder Haftung \u00fcbernehmen.<br \/>\n\tEs gibt keine Garantie daf\u00fcr, dass nicht auf Informationen zugegriffen wird oder dass Informationen nicht offengelegt, ge\u00e4ndert oder infolge der Durchbrechung meiner physischen, technischen und organisatorischen Sicherheitsvorkehrungen zerst\u00f6rt werden.\n<\/p>\n<h2>8. L\u00f6schung von Daten<\/h2>\n<p>Wir m\u00f6chten Sie darauf hinweisen, dass die von uns verarbeiteten Daten nach Ma\u00dfgabe der Art. 17 und 18 DSGVO gel\u00f6scht oder in ihrer Verarbeitung eingeschr\u00e4nkt werden ( n\u00e4heres unter Betroffenenrechte). Sofern nicht im Rahmen dieser Datenschutzerkl\u00e4rung ausdr\u00fccklich durch uns angegeben, werden die bei uns gespeicherten Daten gel\u00f6scht, sobald sie f\u00fcr ihre Zweckbestimmung nicht mehr erforderlich sind und der L\u00f6schung keine gesetzlichen Aufbewahrungspflichten entgegenstehen. Sofern die Daten nicht gel\u00f6scht werden, weil sie f\u00fcr andere und gesetzlich zul\u00e4ssige Zwecke erforderlich sind, wird deren Verarbeitung eingeschr\u00e4nkt. D.h. die Daten werden gesperrt und nicht f\u00fcr andere Zwecke verarbeitet. Das gilt z.B. f\u00fcr Daten, die aus handels- oder steuerrechtlichen Gr\u00fcnden aufbewahrt werden m\u00fcssen. Nach gesetzlichen Vorgaben erfolgt die Aufbewahrung insbesondere f\u00fcr 6 Jahre gem\u00e4\u00df \u00a7 257 Abs. 1 HGB (Handelsb\u00fccher, Inventare, Er\u00f6ffnungsbilanzen, Jahresabschl\u00fcsse, Handelsbriefe, Buchungsbelege, etc.) sowie f\u00fcr 10 Jahre gem\u00e4\u00df \u00a7 147 Abs. 1 AO (B\u00fccher, Aufzeichnungen, Lageberichte, Buchungsbelege, Handels- und Gesch\u00e4ftsbriefe, F\u00fcr Besteuerung relevante Unterlagen, etc.).<\/p>\n","protected":false},"excerpt":{"rendered":"<p>Allgemeine Hinweise zum Datenschutz Die folgenden Hinweise geben einen einfachen \u00dcberblick dar\u00fcber, was mit Ihren Nutzer- und personenbezogenen Daten passiert, wenn Sie meine Website besuchen. Personenbezogene Daten werden auf dieser Website nur im notwendigen Umfang, in der Regel zur Verbesserung meiner Leistungen erhoben, hierbei bleibe ich im Rahmen der rechtm\u00e4\u00dfigen Verarbeitung gem. Art. 6 DS-GVO&#8230;. <a class=\"more-link\" href=\"https:\/\/www.tierpraxis-stadler.de\/?page_id=765\" rel=\"nofollow\">Weiter lesen &raquo;<\/a><\/p>\n","protected":false},"author":1,"featured_media":0,"parent":0,"menu_order":0,"comment_status":"closed","ping_status":"closed","template":"","meta":{"_genesis_hide_title":false,"_genesis_hide_breadcrumbs":false,"_genesis_hide_singular_image":false,"_genesis_hide_footer_widgets":false,"_genesis_custom_body_class":"","_genesis_custom_post_class":"","_genesis_layout":"","footnotes":""},"class_list":{"0":"post-765","1":"page","2":"type-page","3":"status-publish","5":"entry"},"_links":{"self":[{"href":"https:\/\/www.tierpraxis-stadler.de\/index.php?rest_route=\/wp\/v2\/pages\/765","targetHints":{"allow":["GET"]}}],"collection":[{"href":"https:\/\/www.tierpraxis-stadler.de\/index.php?rest_route=\/wp\/v2\/pages"}],"about":[{"href":"https:\/\/www.tierpraxis-stadler.de\/index.php?rest_route=\/wp\/v2\/types\/page"}],"author":[{"embeddable":true,"href":"https:\/\/www.tierpraxis-stadler.de\/index.php?rest_route=\/wp\/v2\/users\/1"}],"replies":[{"embeddable":true,"href":"https:\/\/www.tierpraxis-stadler.de\/index.php?rest_route=%2Fwp%2Fv2%2Fcomments&post=765"}],"version-history":[{"count":1,"href":"https:\/\/www.tierpraxis-stadler.de\/index.php?rest_route=\/wp\/v2\/pages\/765\/revisions"}],"predecessor-version":[{"id":766,"href":"https:\/\/www.tierpraxis-stadler.de\/index.php?rest_route=\/wp\/v2\/pages\/765\/revisions\/766"}],"wp:attachment":[{"href":"https:\/\/www.tierpraxis-stadler.de\/index.php?rest_route=%2Fwp%2Fv2%2Fmedia&parent=765"}],"curies":[{"name":"wp","href":"https:\/\/api.w.org\/{rel}","templated":true}]}}